{"id":3195,"date":"2022-07-04T10:51:59","date_gmt":"2022-07-04T07:51:59","guid":{"rendered":"https:\/\/rsi-romprest.ro\/?page_id=3195"},"modified":"2022-07-04T11:25:35","modified_gmt":"2022-07-04T08:25:35","slug":"legislatie-ddd","status":"publish","type":"page","link":"https:\/\/rsi-romprest.ro\/en\/legislatie-ddd\/","title":{"rendered":"Legisla\u021bie DDD"},"content":{"rendered":"<hr class=\"wp-block-separator is-style-default\"\/>\n\n\n\n<section id=\"section-316bff96-d747-4371-94e3-a4ca01e55ec0\" class=\"wp-block-gutentor-advanced-columns gutentor-section gutentor-advanced-columns has-color-bg has-custom-bg\"><div class=\"grid-container\"><div class=\"grid-row\">\n<div id=\"section-0eddc653-e94f-4ac8-a91b-935fbd5fd049\" class=\"wp-block-gutentor-single-column gutentor-single-column  grid-lg-4 grid-md-12 grid-12\">\n<div id=\"section-g535981\" class=\"wp-block-gutentor-e6 section-g535981 gutentor-element gutentor-element-image\"><div class=\"gutentor-element-image-box\"><div class=\"gutentor-image-thumb\"><img decoding=\"async\" class=\"normal-image\" src=\"http:\/\/rsi-romprest.ro\/wp-content\/uploads\/2022\/07\/legislatieDDD.jpg\" \/><\/div><\/div><\/div>\n<\/div>\n\n\n\n<div id=\"section-4fbe2af6-24e6-4cd5-a206-d7e2d1f075e6\" class=\"wp-block-gutentor-single-column gutentor-single-column  grid-lg-8 grid-md-12 grid-12\">\n<section id=\"section-23b3fd1d-c1f5-44d6-a3ab-752c036e7de1\" class=\"wp-block-gutentor-content-box gutentor-section gutentor-content-box-wrapper content-template1 text-left\"><div class=\"grid-container gutentor-rm-ct-space\"><div class=\"grid-row gutentor-grid-item-wrap\"><div class=\"gutentor-grid-column grid-lg-12 grid-md-12 grid-12\"><div class=\"gutentor-single-item gutentor-single-item-0\"><div class=\"gutentor-single-item-wrap\"><div class=\"gutentor-single-item-content\"><h3 class=\"gutentor-single-item-title\">Legisla\u021bie D.D.D. <br>FRECVEN\u021aA MINIM\u0102 OBLIGATORIE <\/h3><p class=\"gutentor-single-item-desc\"><strong>Legea 95\/2006 privind reforma \u00een domeniul s\u0103n\u0103t\u0103\u021bii, Cap VII Obliga\u021biile persoanelor fizice \u0219i juridice, art 37(b)<\/strong><br>\u201dOrice persoan\u0103 fizic\u0103 sau juridic\u0103, av\u00e2nd calitatea de angajator, este obligat\u0103 s\u0103 asigure fondurile \u0219i condi\u021biile necesare pentru (pct b) aplicarea m\u0103surilor de igien\u0103, dezinfec\u021bie, dezinsec\u021bie \u0219i deratizare periodic\u0103.\u201d<br><br><strong>OMS 119\/2014 pentru aprobarea normelor de igien\u0103 \u0219i s\u0103n\u0103tate public\u0103 privind mediul de via\u021b\u0103 al popula\u021biei, Cap VI, art 50(b)<\/strong><br>\u201dDezinsec\u021bia periodic\u0103 se va face la intervale prev\u0103zute \u00een metodologii, dar nu mai mari de 3 luni, iar deratizarea periodic\u0103 se va face la intervale de maximum 6 luni; \u00eentre opera\u021biunile periodice se vor aplica procedure de dezinsec\u021bie si deratizare curente, de \u00eentre\u021binere, \u00een func\u021bie de prezen\u021ba vectorilor\u201d.<br><br><strong>HG 857\/2011 privind stabilirea \u0219i sanc\u021bionarea contraven\u021biilor la normele din domeniul s\u0103n\u0103t\u0103\u021bii publice, Cap XIV, art 57 (a) \u0219i (b)<\/strong><br>\u201dConstituie contraven\u021bii \u0219i se sanc\u021bioneaz\u0103 cu amend\u0103 de la 3000 lei la 8000 lei urm\u0103toarele fapte s\u0103v\u00e2r\u0219ite de persoanele juridice:<br>a) Neaplicarea m\u0103surilor de prevenire \u0219i combatere a insectelor \u0219i roz\u0103toarelor vectoare \u00een unit\u0103\u021bi de orice tip de c\u0103tre de\u021bin\u0103torii acestora;<br>b) Nerespectarea ritmicit\u0103\u021bii ac\u021biunilor de combatere a insectelor \u0219i roz\u0103toarelor vectoare \u0219i produc\u0103toare de discomfort \u00een unit\u0103\u021bi de orice tip.\u201d<br><br><strong>Ord.ANRSC 82\/2015 \u2013 Regulament, Sec\u021biunea a 11-a Art 105 \u0219i 106<\/strong><br>\u201dArt.105 (2) Pentru combaterea altor vectori (n.a. except\u00e2nd \u021b\u00e2n\u021barii) dezinsec\u021bia se execut\u0103:<br>a) Trimestrial \u0219i ori de c\u00e2te ori este nevoie, \u00een spa\u021biile \u00eenchise ale operatorilor economici cu profil nealimentar, institu\u021biilor publice \u0219i spa\u021biile comune \u00eenchise ale cl\u0103dirilor;<br>b) Lunar \u0219i ori de c\u00e2te ori este nevoie, \u00een spa\u021biile \u00eenchise ale operatorilor economici cu profil alimentar \u0219i ale unit\u0103\u021bilor sanitare;<br>c) Numai la solicitarea persoanelor fizice din spa\u021biile cu destina\u021bia de locuin\u021b\u0103<br>\u201dArt 106 &#8211; Din punctul de vedere al frecven\u021bei,deratizarea se execut\u0103:<br>a) Pentru operatorii economici cu profil nealimentar \u0219i asocia\u021biile de proprietari\/locatari,cel pu\u021bin o data pe semestru \u0219i ori de c\u00e2te ori este nevoie pentru stingerea unui focar;<br>b) Pentru operatorii economici cu profil alimentar, cel pu\u021bin o data pe trimestru \u0219i ori de c\u00e2te ori este nevoie pentru stingerea unui focar.<\/p><\/div><\/div><\/div><\/div><\/div><\/div><\/section>\n<\/div>\n<\/div><\/div><\/section>","protected":false},"excerpt":{"rendered":"<p><span class=\"more-link\"><a href=\"https:\/\/rsi-romprest.ro\/en\/legislatie-ddd\/\">Continue Reading<\/a><\/span><\/p>","protected":false},"author":6,"featured_media":0,"parent":0,"menu_order":0,"comment_status":"closed","ping_status":"closed","template":"","meta":{"om_disable_all_campaigns":false,"_monsterinsights_skip_tracking":false,"_monsterinsights_sitenote_active":false,"_monsterinsights_sitenote_note":"","_monsterinsights_sitenote_category":0,"footnotes":""},"class_list":["entry","author-m3nt3nanta","post-3195","page","type-page","status-publish"],"aioseo_notices":[],"_links":{"self":[{"href":"https:\/\/rsi-romprest.ro\/en\/wp-json\/wp\/v2\/pages\/3195","targetHints":{"allow":["GET"]}}],"collection":[{"href":"https:\/\/rsi-romprest.ro\/en\/wp-json\/wp\/v2\/pages"}],"about":[{"href":"https:\/\/rsi-romprest.ro\/en\/wp-json\/wp\/v2\/types\/page"}],"author":[{"embeddable":true,"href":"https:\/\/rsi-romprest.ro\/en\/wp-json\/wp\/v2\/users\/6"}],"replies":[{"embeddable":true,"href":"https:\/\/rsi-romprest.ro\/en\/wp-json\/wp\/v2\/comments?post=3195"}],"version-history":[{"count":4,"href":"https:\/\/rsi-romprest.ro\/en\/wp-json\/wp\/v2\/pages\/3195\/revisions"}],"predecessor-version":[{"id":3203,"href":"https:\/\/rsi-romprest.ro\/en\/wp-json\/wp\/v2\/pages\/3195\/revisions\/3203"}],"wp:attachment":[{"href":"https:\/\/rsi-romprest.ro\/en\/wp-json\/wp\/v2\/media?parent=3195"}],"curies":[{"name":"wp","href":"https:\/\/api.w.org\/{rel}","templated":true}]}}